{"id":67,"date":"2017-09-26T19:26:14","date_gmt":"2017-09-26T17:26:14","guid":{"rendered":"https:\/\/blog.moule.ovh\/?page_id=67"},"modified":"2019-11-05T19:40:22","modified_gmt":"2019-11-05T18:40:22","slug":"bilan-cognitif","status":"publish","type":"page","link":"https:\/\/mdardepsychologue.fr\/index.php\/bilan-cognitif\/","title":{"rendered":"\u00c9valuation cognitive"},"content":{"rendered":"<h5 align=\"justify\"><span style=\"color: #000000;\">Qu&rsquo;est ce qu&rsquo;une \u00e9valuation cognitive (<em>bilan neuropsychologique<\/em>) ?<\/span><\/h5>\n<p align=\"justify\"><span style=\"color: #000000;\">Les <span style=\"color: #008080;\">fonctions cognitives <\/span>regroupent la m\u00e9moire, l&rsquo;attention, les fonctions ex\u00e9cutives et les fonctions dites instrumentales (langage, praxies, gnosies). Certaines de ces fonctions comprennent plusieurs syst\u00e8mes (par exemple, la m\u00e9moire \u00e0 long terme et la m\u00e9moire \u00e0 court terme). Chaque fonction &#8211; ou syst\u00e8me &#8211; est compos\u00e9e de divers <span style=\"color: #008080;\">processus cognitifs<\/span>. Un bilan neuropsychologique est l&rsquo;\u00e9valuation, \u00e0 travers des \u00e9preuves norm\u00e9es et valid\u00e9es, des diff\u00e9rentes fonctions et processus cognitifs tout en consid\u00e9rant l&rsquo;impact \u00e9ventuel de facteurs psychologiques (\u00e9tat \u00e9motionnel, co-morbidit\u00e9s, <em>etc.<\/em>).<\/span><\/p>\n<p align=\"justify\"><span style=\"color: #000000;\">L&rsquo;\u00e9valuation cognitive peut \u00e9galement correspondre, selon les besoins et le motif qui la motivent, \u00e0 l&rsquo;objectivation du <span style=\"color: #008080;\">Quotient Intellectuel (QI)<\/span> de la personne.<\/span><\/p>\n<h5 align=\"justify\"><span style=\"color: #000000;\">Quel est l&rsquo;int\u00e9r\u00eat d&rsquo;une \u00e9valuation cognitive ?<\/span><\/h5>\n<p align=\"justify\"><span style=\"color: #000000;\">La r\u00e9alisation d&rsquo;une \u00e9valuation cognitive permet de dresser un profil cognitif, c&rsquo;est-\u00e0-dire un \u00ab\u00a0\u00e9tat des lieux\u00a0\u00bb du fonctionnement cognitif d&rsquo;une personne. Cet \u00e9tat des lieux met en lumi\u00e8re les points forts et les points faibles, autrement dit, les capacit\u00e9s cognitives pr\u00e9serv\u00e9es et probl\u00e9matiques, ou moins efficientes. De ce fait, l&rsquo;\u00e9valuation peut s&rsquo;inscrire dans une <span style=\"color: #008080;\">d\u00e9marche de compr\u00e9hension<\/span> de l&rsquo;apparition de difficult\u00e9s cognitives et de leur origine, de l&rsquo;influence de ces difficult\u00e9s en vie quotidienne et sur l&rsquo;autonomie fonctionnelle. Dans ce cadre et en lien avec les autres intervenants et institutions de sant\u00e9 impliqu\u00e9s, l&rsquo;\u00e9valuation cognitive\u00a0 permet d&rsquo;<span style=\"color: #008080;\">orienter la prise en charge globale<\/span> et\/ou d&rsquo;<span style=\"color: #008080;\">argumenter sa n\u00e9cessit\u00e9<\/span> (expertise pour la Maison D\u00e9partementale des Personnes Handicap\u00e9es &#8211; MDPH). Elle peut \u00e9galement s&rsquo;inscrire dans une <span style=\"color: #008080;\">d\u00e9marche de prise en charge<\/span> des probl\u00e8mes cognitifs, quelle que soit leur nature, et constitue dans ce cas, le point de d\u00e9part de la <em><span style=\"color: #008080;\"><strong><a style=\"color: #008080;\" href=\"https:\/\/mdardepsychologue.fr\/prise-en-charge\/\">prise en charge neuropsychologique<\/a><\/strong><\/span><\/em>.<\/span><\/p>\n<h5 align=\"justify\"><span style=\"color: #000000;\">Pour qui ?<\/span><\/h5>\n<p align=\"justify\"><span style=\"color: #000000;\">Puisque l&rsquo;\u00e9valuation a de l&rsquo;int\u00e9r\u00eat dans un contexte de difficult\u00e9s cognitives, elle s&rsquo;adresse aux enfants, adultes et personnes \u00e2g\u00e9es qui en souffrent. De m\u00eame, l&rsquo;origine des difficult\u00e9s peut \u00eatre neurologique, psychiatrique ou encore d\u00e9veloppementale. Un bilan neuropsychologique est demand\u00e9 par la personne directement concern\u00e9e, par un membre de son entourage ou encore, par un autre professionnel.<\/span><\/p>\n<h5 align=\"justify\"><span style=\"color: #000000;\">Informations compl\u00e9mentaires ?<\/span><\/h5>\n<p align=\"justify\">Vous pouvez vous rendre sur les sites de l&rsquo;<em><strong><span style=\"color: #008080;\"><a style=\"color: #008080;\" href=\"http:\/\/ofpn.fr\/la-consultation-memoire\/\">Organisation Fran\u00e7aise des Psychologues sp\u00e9cialis\u00e9s en Neuropsychologie<\/a><\/span><\/strong><\/em>, de la <em><span style=\"color: #008080;\"><strong><a style=\"color: #008080;\" href=\"http:\/\/www.ffn-neurologie.fr\/grand-public\/explorations-neurologiques\/le-bilan-neuropsychologique\">F\u00e9d\u00e9ration Fran\u00e7aise de Neurologie<\/a><\/strong><\/span><\/em>\u00a0et de l&rsquo;<em><strong><span style=\"color: #008080;\"><a style=\"color: #008080;\" href=\"https:\/\/aqnp.ca\/la-neuropsychologie\/levaluation-en-neuropsychologie\/\">Association Qu\u00e9b\u00e9coise des Neuropsychologues<\/a><\/span><\/strong><\/em>.<\/p>\n","protected":false},"excerpt":{"rendered":"<p>Qu&rsquo;est ce qu&rsquo;une \u00e9valuation cognitive (bilan neuropsychologique) ? Les fonctions cognitives regroupent la m\u00e9moire, l&rsquo;attention, les fonctions ex\u00e9cutives et les fonctions dites instrumentales (langage, praxies, gnosies). Certaines de ces fonctions comprennent plusieurs syst\u00e8mes (par exemple, la m\u00e9moire \u00e0 long terme et la m\u00e9moire \u00e0 court terme). Chaque fonction &#8211; ou syst\u00e8me &#8211; est compos\u00e9e de &hellip;<\/p>\n","protected":false},"author":1,"featured_media":0,"parent":0,"menu_order":0,"comment_status":"closed","ping_status":"closed","template":"","meta":{"footnotes":""},"class_list":["post-67","page","type-page","status-publish","hentry"],"_links":{"self":[{"href":"https:\/\/mdardepsychologue.fr\/index.php\/wp-json\/wp\/v2\/pages\/67","targetHints":{"allow":["GET"]}}],"collection":[{"href":"https:\/\/mdardepsychologue.fr\/index.php\/wp-json\/wp\/v2\/pages"}],"about":[{"href":"https:\/\/mdardepsychologue.fr\/index.php\/wp-json\/wp\/v2\/types\/page"}],"author":[{"embeddable":true,"href":"https:\/\/mdardepsychologue.fr\/index.php\/wp-json\/wp\/v2\/users\/1"}],"replies":[{"embeddable":true,"href":"https:\/\/mdardepsychologue.fr\/index.php\/wp-json\/wp\/v2\/comments?post=67"}],"version-history":[{"count":3,"href":"https:\/\/mdardepsychologue.fr\/index.php\/wp-json\/wp\/v2\/pages\/67\/revisions"}],"predecessor-version":[{"id":776,"href":"https:\/\/mdardepsychologue.fr\/index.php\/wp-json\/wp\/v2\/pages\/67\/revisions\/776"}],"wp:attachment":[{"href":"https:\/\/mdardepsychologue.fr\/index.php\/wp-json\/wp\/v2\/media?parent=67"}],"curies":[{"name":"wp","href":"https:\/\/api.w.org\/{rel}","templated":true}]}}